{"id":2534,"date":"2022-05-08T17:24:37","date_gmt":"2022-05-08T15:24:37","guid":{"rendered":"http:\/\/drzev.de\/?page_id=2534"},"modified":"2024-01-02T19:38:28","modified_gmt":"2024-01-02T18:38:28","slug":"kontakt","status":"publish","type":"page","link":"https:\/\/drzev.de\/ru\/kontakt\/","title":{"rendered":"\u041a\u043e\u043d\u0442\u0430\u043a\u0442"},"content":{"rendered":"<div data-elementor-type=\"wp-page\" data-elementor-id=\"2534\" class=\"elementor elementor-2534\">\n\t\t\t\t\t\t<section class=\"elementor-section elementor-top-section elementor-element elementor-element-ad65a4c elementor-section-boxed elementor-section-height-default elementor-section-height-default\" data-id=\"ad65a4c\" data-element_type=\"section\" data-settings=\"{&quot;background_background&quot;:&quot;classic&quot;}\">\n\t\t\t\t\t\t<div class=\"elementor-container elementor-column-gap-default\">\n\t\t\t\t\t<div class=\"elementor-column elementor-col-66 elementor-top-column elementor-element elementor-element-70ba757\" data-id=\"70ba757\" data-element_type=\"column\">\n\t\t\t<div class=\"elementor-widget-wrap elementor-element-populated\">\n\t\t\t\t\t\t<div class=\"elementor-element elementor-element-7e35a4f elementor-widget elementor-widget-spacer\" data-id=\"7e35a4f\" data-element_type=\"widget\" data-widget_type=\"spacer.default\">\n\t\t\t\t<div class=\"elementor-widget-container\">\n\t\t\t<style>\/*! elementor - v3.19.0 - 07-02-2024 *\/\n.elementor-column .elementor-spacer-inner{height:var(--spacer-size)}.e-con{--container-widget-width:100%}.e-con-inner>.elementor-widget-spacer,.e-con>.elementor-widget-spacer{width:var(--container-widget-width,var(--spacer-size));--align-self:var(--container-widget-align-self,initial);--flex-shrink:0}.e-con-inner>.elementor-widget-spacer>.elementor-widget-container,.e-con>.elementor-widget-spacer>.elementor-widget-container{height:100%;width:100%}.e-con-inner>.elementor-widget-spacer>.elementor-widget-container>.elementor-spacer,.e-con>.elementor-widget-spacer>.elementor-widget-container>.elementor-spacer{height:100%}.e-con-inner>.elementor-widget-spacer>.elementor-widget-container>.elementor-spacer>.elementor-spacer-inner,.e-con>.elementor-widget-spacer>.elementor-widget-container>.elementor-spacer>.elementor-spacer-inner{height:var(--container-widget-height,var(--spacer-size))}.e-con-inner>.elementor-widget-spacer.elementor-widget-empty,.e-con>.elementor-widget-spacer.elementor-widget-empty{position:relative;min-height:22px;min-width:22px}.e-con-inner>.elementor-widget-spacer.elementor-widget-empty .elementor-widget-empty-icon,.e-con>.elementor-widget-spacer.elementor-widget-empty .elementor-widget-empty-icon{position:absolute;top:0;bottom:0;left:0;right:0;margin:auto;padding:0;width:22px;height:22px}<\/style>\t\t<div class=\"elementor-spacer\">\n\t\t\t<div class=\"elementor-spacer-inner\"><\/div>\n\t\t<\/div>\n\t\t\t\t<\/div>\n\t\t\t\t<\/div>\n\t\t\t\t<div class=\"elementor-element elementor-element-67f144d elementor-widget elementor-widget-heading\" data-id=\"67f144d\" data-element_type=\"widget\" data-widget_type=\"heading.default\">\n\t\t\t\t<div class=\"elementor-widget-container\">\n\t\t\t<style>\/*! elementor - v3.19.0 - 07-02-2024 *\/\n.elementor-heading-title{padding:0;margin:0;line-height:1}.elementor-widget-heading .elementor-heading-title[class*=elementor-size-]>a{color:inherit;font-size:inherit;line-height:inherit}.elementor-widget-heading .elementor-heading-title.elementor-size-small{font-size:15px}.elementor-widget-heading .elementor-heading-title.elementor-size-medium{font-size:19px}.elementor-widget-heading .elementor-heading-title.elementor-size-large{font-size:29px}.elementor-widget-heading .elementor-heading-title.elementor-size-xl{font-size:39px}.elementor-widget-heading .elementor-heading-title.elementor-size-xxl{font-size:59px}<\/style><h2 class=\"elementor-heading-title elementor-size-default\">\u041a\u043e\u043d\u0442\u0430\u043a\u0442<\/h2>\t\t<\/div>\n\t\t\t\t<\/div>\n\t\t\t\t<div class=\"elementor-element elementor-element-268fc88 elementor-widget elementor-widget-text-editor\" data-id=\"268fc88\" data-element_type=\"widget\" data-widget_type=\"text-editor.default\">\n\t\t\t\t<div class=\"elementor-widget-container\">\n\t\t\t<style>\/*! elementor - v3.19.0 - 07-02-2024 *\/\n.elementor-widget-text-editor.elementor-drop-cap-view-stacked .elementor-drop-cap{background-color:#69727d;color:#fff}.elementor-widget-text-editor.elementor-drop-cap-view-framed .elementor-drop-cap{color:#69727d;border:3px solid;background-color:transparent}.elementor-widget-text-editor:not(.elementor-drop-cap-view-default) .elementor-drop-cap{margin-top:8px}.elementor-widget-text-editor:not(.elementor-drop-cap-view-default) .elementor-drop-cap-letter{width:1em;height:1em}.elementor-widget-text-editor .elementor-drop-cap{float:left;text-align:center;line-height:1;font-size:50px}.elementor-widget-text-editor .elementor-drop-cap-letter{display:inline-block}<\/style>\t\t\t\t<h6>\u041f\u043e \u043b\u044e\u0431\u044b\u043c \u0432\u043e\u043f\u0440\u043e\u0441\u0430\u043c \u0441 \u0443\u0434\u043e\u0432\u043e\u043b\u044c\u0441\u0442\u0432\u0438\u0435\u043c \u043e\u0431\u0440\u0430\u0449\u0430\u0439\u0442\u0435\u0441\u044c \u0437\u0430 \u043a\u043e\u043d\u0441\u0443\u043b\u044c\u0442\u0430\u0446\u0438\u0435\u0439 \u043a \u043d\u0430\u0448\u0438\u043c \u0441\u043e\u0442\u0440\u0443\u0434\u043d\u0438\u043a\u0430\u043c. \u041c\u044b \u043e\u0442\u0432\u0435\u0442\u0438\u043c \u043d\u0430 \u0412\u0430\u0448 \u0437\u0430\u043f\u0440\u043e\u0441 \u0432 \u043a\u0440\u0430\u0442\u0447\u0430\u0439\u0448\u0438\u0435 \u0441\u0440\u043e\u043a\u0438!<\/h6>\t\t\t\t\t\t<\/div>\n\t\t\t\t<\/div>\n\t\t\t\t<div class=\"elementor-element elementor-element-3a99648 elementor-widget elementor-widget-spacer\" data-id=\"3a99648\" data-element_type=\"widget\" data-widget_type=\"spacer.default\">\n\t\t\t\t<div class=\"elementor-widget-container\">\n\t\t\t\t\t<div class=\"elementor-spacer\">\n\t\t\t<div class=\"elementor-spacer-inner\"><\/div>\n\t\t<\/div>\n\t\t\t\t<\/div>\n\t\t\t\t<\/div>\n\t\t\t\t\t<\/div>\n\t\t<\/div>\n\t\t\t\t<div class=\"elementor-column elementor-col-33 elementor-top-column elementor-element elementor-element-077f275\" data-id=\"077f275\" data-element_type=\"column\">\n\t\t\t<div class=\"elementor-widget-wrap elementor-element-populated\">\n\t\t\t\t\t\t<div class=\"elementor-element elementor-element-4f1f981 elementor-widget elementor-widget-lebari_home_banner_v2\" data-id=\"4f1f981\" data-element_type=\"widget\" data-widget_type=\"lebari_home_banner_v2.default\">\n\t\t\t\t<div class=\"elementor-widget-container\">\n\t\t\t\t\t\n        <!-- Banner Section Two -->\n        <section class=\"banner-section-two\">\n            <div class=\"auto-container\">\n                <div class=\"pattern-layer-two\" style=\"background-image: url(https:\/\/drzev.de\/wp-content\/themes\/lebari\/assets\/images\/background\/pattern-15.png)\"><\/div>\n                <div class=\"pattern-layer-three\" style=\"background-image: url(https:\/\/drzev.de\/wp-content\/themes\/lebari\/assets\/images\/main-slider\/icon-2.png)\"><\/div>\n                <div class=\"row clearfix\">\n                \n                    <!-- Content Column -->\n                    <div class=\"content-column col-lg-6 col-md-12 col-sm-12\">\n                        <div class=\"pattern-layer-one\" style=\"background-image: url(https:\/\/drzev.de\/wp-content\/themes\/lebari\/assets\/images\/main-slider\/pattern-1.png)\"><\/div>\n                        <div class=\"icon-layer-one\" style=\"background-image: url(https:\/\/drzev.de\/wp-content\/themes\/lebari\/assets\/images\/main-slider\/icon-2.png)\"><\/div>\n                        <div class=\"icon-layer-two\" style=\"background-image: url(https:\/\/drzev.de\/wp-content\/themes\/lebari\/assets\/images\/main-slider\/pattern-2.png)\"><\/div>\n                        <div class=\"icon-layer-three\" style=\"background-image: url(https:\/\/drzev.de\/wp-content\/themes\/lebari\/assets\/images\/main-slider\/icon-1.png)\"><\/div>\n                        <div class=\"icon-layer-four\" style=\"background-image: url(https:\/\/drzev.de\/wp-content\/themes\/lebari\/assets\/images\/icons\/icon-3.png)\"><\/div>\n                        <div class=\"icon-layer-five\" style=\"background-image: url(https:\/\/drzev.de\/wp-content\/themes\/lebari\/assets\/images\/icons\/icon-4.png)\"><\/div>\n                        <div class=\"inner-column\">\n                            <h1><\/h1>\n                                                    <\/div>\n                    <\/div>\n                                    <\/div>\n            <\/div>\n        <\/section>\n        <!-- End Banner Section -->\n           \n        \t\t<\/div>\n\t\t\t\t<\/div>\n\t\t\t\t\t<\/div>\n\t\t<\/div>\n\t\t\t\t\t<\/div>\n\t\t<\/section>\n\t\t\t\t<section class=\"elementor-section elementor-top-section elementor-element elementor-element-feeac60 elementor-section-full_width elementor-section-height-default elementor-section-height-default\" data-id=\"feeac60\" data-element_type=\"section\">\n\t\t\t\t\t\t<div class=\"elementor-container elementor-column-gap-default\">\n\t\t\t\t\t<div class=\"elementor-column elementor-col-100 elementor-top-column elementor-element elementor-element-5c091b77\" data-id=\"5c091b77\" data-element_type=\"column\">\n\t\t\t<div class=\"elementor-widget-wrap elementor-element-populated\">\n\t\t\t\t\t\t<div class=\"elementor-element elementor-element-4d6e996b elementor-widget elementor-widget-lebari_contact_us_v2\" data-id=\"4d6e996b\" data-element_type=\"widget\" data-widget_type=\"lebari_contact_us_v2.default\">\n\t\t\t\t<div class=\"elementor-widget-container\">\n\t\t\t        \n        <!-- Contact Page Section -->\n        <section class=\"contact-page-section updated\">\n            <div class=\"pattern-layer-three\" style=\"background-image: url(https:\/\/drzev.de\/wp-content\/themes\/lebari\/assets\/images\/icons\/icon-8.png)\"><\/div>            <div class=\"auto-container\">\n                <div class=\"row clearfix\">\n                    \n                    <!-- Info Column -->\n                    <div class=\"info-column col-lg-6 col-md-12 col-sm-12\">\n                        <div class=\"inner-column\">\n                            <div class=\"title\">\u041a\u043e\u043d\u0442\u0430\u043a\u0442\u043d\u044b\u0435 \u0434\u0430\u043d\u043d\u044b\u0435<\/div>\n                            <h2>\u041d\u0430\u0448 \u043e\u0444\u0438\u0441<\/h2>\n                            <div class=\"text\">\u041f\u043e \u0432\u043e\u043f\u0440\u043e\u0441\u0430\u043c \u043e\u0431\u0440\u0430\u0449\u0430\u0439\u0442\u0435\u0441\u044c: <\/div>\n                            <ul>\n                                                                <li><i class=\"icon flaticon-location-pin\"><\/i><span>\u0410\u0434\u0440\u0435\u0441:<\/span>Ludwig-Rinn-Str. 10-15, \u0437\u0434\u0430\u043d\u0438\u0435 \u0412<br> 35452 Heuchelheim<\/li>\n                                                                <li><i class=\"icon flaticon-phone-call\"><\/i><span>\u0422\u0435\u043b\u0435\u0444\u043e\u043d:<\/span>Festnetz : 0641 97222410<br>\u041c\u043e\u0431\u0438\u043b\u044c\u043d\u044b\u0439: 0152 28659646<\/li>\n                                                                <li><i class=\"icon flaticon-email\"><\/i><span>\u0415\u043c\u0430\u0439\u043b:<\/span>info@drzev.de (\u043e\u0431\u0449\u0438\u0435 \u0432\u043e\u043f\u0440\u043e\u0441\u044b)<br>\nanmeldung@drzev.de (\u0437\u0430\u043f\u0438\u0441\u044c \u043d\u0430 \u043a\u0443\u0440\u0441\u044b)<\/li>\n                                                                <li><i class=\"icon flaticon-time\"><\/i><span>\u0427\u0430\u0441\u044b \u0440\u0430\u0431\u043e\u0442\u044b:<\/span>\u041f\u043e\u043d\u0435\u0434\u0435\u043b\u044c\u043d\u0438\u043a-\u043f\u044f\u0442\u043d\u0438\u0446\u0430: 13.00 - 18.00 <br> \u0421\u0443\u0431\u0431\u043e\u0442\u0430: 9.00 - 14.00<\/li>\n                                                            <\/ul>\n                        <\/div>\n                    <\/div>\n                    \n                    <!-- Form Column -->\n                    <div class=\"form-column col-lg-6 col-md-12 col-sm-12\">\n                        <div class=\"inner-column\">\n                                                        <div class=\"circle-layer\"><\/div>\n                            <div class=\"pattern-layer-one\" style=\"background-image: url(https:\/\/drzev.de\/wp-content\/themes\/lebari\/assets\/images\/icons\/icon-7.png)\"><\/div>\n                            <div class=\"pattern-layer-two\" style=\"background-image: url(https:\/\/drzev.de\/wp-content\/themes\/lebari\/assets\/images\/icons\/icon-9.png)\"><\/div>\n                                                        \n                            <h2>\u041d\u0430\u043f\u0438\u0448\u0438\u0442\u0435 \u043d\u0430\u043c<\/h2>\n                            <div class=\"text\">\u041c\u044b \u043e\u0431\u0440\u0430\u0431\u043e\u0442\u0430\u0435\u043c \u0412\u0430\u0448 \u0437\u0430\u043f\u0440\u043e\u0441 <br> \u0432 \u043a\u0440\u0430\u0442\u0447\u0430\u0439\u0448\u0438\u0435 \u0441\u0440\u043e\u043a\u0438.<\/div>\n                            \n                            <!-- Contact Form -->\n                            <div class=\"contact-form\">\n                                \n<div class=\"wpcf7 no-js\" id=\"wpcf7-f590-o1\" lang=\"en-US\" dir=\"ltr\">\n<div class=\"screen-reader-response\"><p role=\"status\" aria-live=\"polite\" aria-atomic=\"true\"><\/p> <ul><\/ul><\/div>\n<form action=\"\/ru\/wp-json\/wp\/v2\/pages\/2534#wpcf7-f590-o1\" method=\"post\" class=\"wpcf7-form init\" aria-label=\"Contact form\" novalidate=\"novalidate\" data-status=\"init\" data-trp-original-action=\"\/ru\/wp-json\/wp\/v2\/pages\/2534#wpcf7-f590-o1\">\n<div style=\"display: none;\">\n<input type=\"hidden\" name=\"_wpcf7\" value=\"590\" \/>\n<input type=\"hidden\" name=\"_wpcf7_version\" value=\"5.8.7\" \/>\n<input type=\"hidden\" name=\"_wpcf7_locale\" value=\"en_US\" \/>\n<input type=\"hidden\" name=\"_wpcf7_unit_tag\" value=\"wpcf7-f590-o1\" \/>\n<input type=\"hidden\" name=\"_wpcf7_container_post\" value=\"0\" \/>\n<input type=\"hidden\" name=\"_wpcf7_posted_data_hash\" value=\"\" \/>\n<\/div>\n<div class=\"form-group\">\n\t<p><span class=\"wpcf7-form-control-wrap\" data-name=\"text-502\"><input size=\"40\" class=\"wpcf7-form-control wpcf7-text wpcf7-validates-as-required\" aria-required=\"true\" aria-invalid=\"false\" placeholder=\"\u0412\u0430\u0448\u0435 \u0438\u043c\u044f \u0438 \u0444\u0430\u043c\u0438\u043b\u0438\u044f\" value=\"\" type=\"text\" name=\"text-502\" \/><\/span>\n\t<\/p>\n<\/div>\n<div class=\"form-group\">\n\t<p><span class=\"wpcf7-form-control-wrap\" data-name=\"email-724\"><input size=\"40\" class=\"wpcf7-form-control wpcf7-email wpcf7-validates-as-required wpcf7-text wpcf7-validates-as-email\" aria-required=\"true\" aria-invalid=\"false\" placeholder=\"\u0412\u0430\u0448 \u0435\u043c\u0430\u0439\u043b\" value=\"\" type=\"email\" name=\"email-724\" \/><\/span>\n\t<\/p>\n<\/div>\n<div class=\"form-group\">\n\t<p><span class=\"wpcf7-form-control-wrap\" data-name=\"text-503\"><input size=\"40\" class=\"wpcf7-form-control wpcf7-text\" aria-invalid=\"false\" placeholder=\"\u0412\u0430\u0448 \u043d\u043e\u043c\u0435\u0440 \u0442\u0435\u043b\u0435\u0444\u043e\u043d\u0430\" value=\"\" type=\"text\" name=\"text-503\" \/><\/span>\n\t<\/p>\n<\/div>\n<div class=\"form-group\">\n\t<p><span class=\"wpcf7-form-control-wrap\" data-name=\"textarea-351\"><textarea cols=\"40\" rows=\"10\" class=\"wpcf7-form-control wpcf7-textarea\" aria-invalid=\"false\" placeholder=\"\u0412\u0430\u0448\u0435 \u0441\u043e\u043e\u0431\u0449\u0435\u043d\u0438\u0435\" name=\"textarea-351\"><\/textarea><\/span>\n\t<\/p>\n<\/div>\n<div class=\"form-group\">\n\t<p><button class=\"theme-btn btn-style-five\" type=\"submit\" name=\"submit-form\">\u041e\u0422\u041f\u0420\u0410\u0412\u0418\u0422\u042c<\/button>\n\t<\/p>\n<\/div><div class=\"wpcf7-response-output\" aria-hidden=\"true\"><\/div>\n<input type=\"hidden\" name=\"trp-form-language\" value=\"ru\"\/><\/form>\n<\/div>\n                            <\/div>\n                                \n                        <\/div>\n                            \n                        <\/div>\n                    \n                <\/div>\n            <\/div>\n        <\/section>\n        <!-- End Contact Page Section -->\n        \n\t\t\t\t<\/div>\n\t\t\t\t<\/div>\n\t\t\t\t\t<\/div>\n\t\t<\/div>\n\t\t\t\t\t<\/div>\n\t\t<\/section>\n\t\t\t\t<section class=\"elementor-section elementor-top-section elementor-element elementor-element-fd87e8d elementor-section-boxed elementor-section-height-default elementor-section-height-default\" data-id=\"fd87e8d\" data-element_type=\"section\">\n\t\t\t\t\t\t<div class=\"elementor-container elementor-column-gap-default\">\n\t\t\t\t\t<div class=\"elementor-column elementor-col-100 elementor-top-column elementor-element elementor-element-b71cf01\" data-id=\"b71cf01\" data-element_type=\"column\">\n\t\t\t<div class=\"elementor-widget-wrap elementor-element-populated\">\n\t\t\t\t\t\t<div class=\"elementor-element elementor-element-349c5d8 elementor-widget elementor-widget-lebari_google_map\" data-id=\"349c5d8\" data-element_type=\"widget\" data-widget_type=\"lebari_google_map.default\">\n\t\t\t\t<div class=\"elementor-widget-container\">\n\t\t\t        \n        <!-- Map Contact Section -->\n        <section class=\"map-contact-section\">\n            <div class=\"auto-container\">\n                <!-- Map Boxed -->\n                <div class=\"map-boxed\">\n                    <!-- Map Outer -->\n                    <div class=\"map-outer\">\n                        <iframe src=\"https:\/\/www.google.com\/maps\/embed?pb=!1m18!1m12!1m3!1d1266.711976089566!2d8.632763776123234!3d50.582072994848254!2m3!1f0!2f0!3f0!3m2!1i1024!2i768!4f13.1!3m3!1m2!1s0x47bc59115bd09ca3%3A0xfdb77c6a6c5de0d6!2sLudwig-Rinn-Stra%C3%9Fe%2012%2C%2035452%20Heuchelheim!5e0!3m2!1sen!2sde!4v1652023505979!5m2!1sen!2sde\" width=\"600\" height=\"450\" style=\"border:0;\" allowfullscreen=\"\" loading=\"lazy\" referrerpolicy=\"no-referrer-when-downgrade\"><\/iframe>                    <\/div>\n                <\/div>\n            <\/div>\n        <\/section>\n        <!-- End Map Contact Section -->\n        \n\t\t\t\t<\/div>\n\t\t\t\t<\/div>\n\t\t\t\t\t<\/div>\n\t\t<\/div>\n\t\t\t\t\t<\/div>\n\t\t<\/section>\n\t\t\t\t<\/div>","protected":false},"excerpt":{"rendered":"<p>Kontakt Bei allen Fragen stehen unsere Mitarbeiterinnen und Mitarbeiter f\u00fcr Sie zur Verf\u00fcgung und bearbeiten Ihre Anfrage schnellstm\u00f6glich. Kontaktdaten Unser B\u00fcro Bei Fragen kontaktieren Sie uns, wir helfen Ihnen gerne [&hellip;]<\/p>","protected":false},"author":1,"featured_media":0,"parent":0,"menu_order":0,"comment_status":"closed","ping_status":"closed","template":"tpl-default-elementor.php","meta":{"footnotes":""},"class_list":["post-2534","page","type-page","status-publish","hentry"],"_links":{"self":[{"href":"https:\/\/drzev.de\/ru\/wp-json\/wp\/v2\/pages\/2534","targetHints":{"allow":["GET"]}}],"collection":[{"href":"https:\/\/drzev.de\/ru\/wp-json\/wp\/v2\/pages"}],"about":[{"href":"https:\/\/drzev.de\/ru\/wp-json\/wp\/v2\/types\/page"}],"author":[{"embeddable":true,"href":"https:\/\/drzev.de\/ru\/wp-json\/wp\/v2\/users\/1"}],"replies":[{"embeddable":true,"href":"https:\/\/drzev.de\/ru\/wp-json\/wp\/v2\/comments?post=2534"}],"version-history":[{"count":18,"href":"https:\/\/drzev.de\/ru\/wp-json\/wp\/v2\/pages\/2534\/revisions"}],"predecessor-version":[{"id":3304,"href":"https:\/\/drzev.de\/ru\/wp-json\/wp\/v2\/pages\/2534\/revisions\/3304"}],"wp:attachment":[{"href":"https:\/\/drzev.de\/ru\/wp-json\/wp\/v2\/media?parent=2534"}],"curies":[{"name":"wp","href":"https:\/\/api.w.org\/{rel}","templated":true}]}}