{"id":2509,"date":"2022-05-07T20:02:28","date_gmt":"2022-05-07T18:02:28","guid":{"rendered":"http:\/\/drzev.de\/?page_id=2509"},"modified":"2024-01-17T12:52:54","modified_gmt":"2024-01-17T11:52:54","slug":"news","status":"publish","type":"page","link":"https:\/\/drzev.de\/ru\/news\/","title":{"rendered":"News"},"content":{"rendered":"<div data-elementor-type=\"wp-page\" data-elementor-id=\"2509\" class=\"elementor elementor-2509\">\n\t\t\t\t\t\t<section class=\"elementor-section elementor-top-section elementor-element elementor-element-9eab1d1 elementor-section-boxed elementor-section-height-default elementor-section-height-default\" data-id=\"9eab1d1\" data-element_type=\"section\" data-settings=\"{&quot;background_background&quot;:&quot;classic&quot;}\">\n\t\t\t\t\t\t<div class=\"elementor-container elementor-column-gap-default\">\n\t\t\t\t\t<div class=\"elementor-column elementor-col-66 elementor-top-column elementor-element elementor-element-48aca3f\" data-id=\"48aca3f\" data-element_type=\"column\">\n\t\t\t<div class=\"elementor-widget-wrap elementor-element-populated\">\n\t\t\t\t\t\t<div class=\"elementor-element elementor-element-d06ab21 elementor-widget elementor-widget-spacer\" data-id=\"d06ab21\" data-element_type=\"widget\" data-widget_type=\"spacer.default\">\n\t\t\t\t<div class=\"elementor-widget-container\">\n\t\t\t<style>\/*! elementor - v3.19.0 - 07-02-2024 *\/\n.elementor-column .elementor-spacer-inner{height:var(--spacer-size)}.e-con{--container-widget-width:100%}.e-con-inner>.elementor-widget-spacer,.e-con>.elementor-widget-spacer{width:var(--container-widget-width,var(--spacer-size));--align-self:var(--container-widget-align-self,initial);--flex-shrink:0}.e-con-inner>.elementor-widget-spacer>.elementor-widget-container,.e-con>.elementor-widget-spacer>.elementor-widget-container{height:100%;width:100%}.e-con-inner>.elementor-widget-spacer>.elementor-widget-container>.elementor-spacer,.e-con>.elementor-widget-spacer>.elementor-widget-container>.elementor-spacer{height:100%}.e-con-inner>.elementor-widget-spacer>.elementor-widget-container>.elementor-spacer>.elementor-spacer-inner,.e-con>.elementor-widget-spacer>.elementor-widget-container>.elementor-spacer>.elementor-spacer-inner{height:var(--container-widget-height,var(--spacer-size))}.e-con-inner>.elementor-widget-spacer.elementor-widget-empty,.e-con>.elementor-widget-spacer.elementor-widget-empty{position:relative;min-height:22px;min-width:22px}.e-con-inner>.elementor-widget-spacer.elementor-widget-empty .elementor-widget-empty-icon,.e-con>.elementor-widget-spacer.elementor-widget-empty .elementor-widget-empty-icon{position:absolute;top:0;bottom:0;left:0;right:0;margin:auto;padding:0;width:22px;height:22px}<\/style>\t\t<div class=\"elementor-spacer\">\n\t\t\t<div class=\"elementor-spacer-inner\"><\/div>\n\t\t<\/div>\n\t\t\t\t<\/div>\n\t\t\t\t<\/div>\n\t\t\t\t<div class=\"elementor-element elementor-element-1847297 elementor-widget elementor-widget-heading\" data-id=\"1847297\" data-element_type=\"widget\" data-widget_type=\"heading.default\">\n\t\t\t\t<div class=\"elementor-widget-container\">\n\t\t\t<style>\/*! elementor - v3.19.0 - 07-02-2024 *\/\n.elementor-heading-title{padding:0;margin:0;line-height:1}.elementor-widget-heading .elementor-heading-title[class*=elementor-size-]>a{color:inherit;font-size:inherit;line-height:inherit}.elementor-widget-heading .elementor-heading-title.elementor-size-small{font-size:15px}.elementor-widget-heading .elementor-heading-title.elementor-size-medium{font-size:19px}.elementor-widget-heading .elementor-heading-title.elementor-size-large{font-size:29px}.elementor-widget-heading .elementor-heading-title.elementor-size-xl{font-size:39px}.elementor-widget-heading .elementor-heading-title.elementor-size-xxl{font-size:59px}<\/style><h2 class=\"elementor-heading-title elementor-size-default\">News<\/h2>\t\t<\/div>\n\t\t\t\t<\/div>\n\t\t\t\t<div class=\"elementor-element elementor-element-952f1cc elementor-widget elementor-widget-text-editor\" data-id=\"952f1cc\" data-element_type=\"widget\" data-widget_type=\"text-editor.default\">\n\t\t\t\t<div class=\"elementor-widget-container\">\n\t\t\t<style>\/*! elementor - v3.19.0 - 07-02-2024 *\/\n.elementor-widget-text-editor.elementor-drop-cap-view-stacked .elementor-drop-cap{background-color:#69727d;color:#fff}.elementor-widget-text-editor.elementor-drop-cap-view-framed .elementor-drop-cap{color:#69727d;border:3px solid;background-color:transparent}.elementor-widget-text-editor:not(.elementor-drop-cap-view-default) .elementor-drop-cap{margin-top:8px}.elementor-widget-text-editor:not(.elementor-drop-cap-view-default) .elementor-drop-cap-letter{width:1em;height:1em}.elementor-widget-text-editor .elementor-drop-cap{float:left;text-align:center;line-height:1;font-size:50px}.elementor-widget-text-editor .elementor-drop-cap-letter{display:inline-block}<\/style>\t\t\t\t<h6>Hier erz\u00e4hlen wir \u00fcber unsere Neuigkeiten.<\/h6>\t\t\t\t\t\t<\/div>\n\t\t\t\t<\/div>\n\t\t\t\t<div class=\"elementor-element elementor-element-b4bc9b7 elementor-widget elementor-widget-spacer\" data-id=\"b4bc9b7\" data-element_type=\"widget\" data-widget_type=\"spacer.default\">\n\t\t\t\t<div class=\"elementor-widget-container\">\n\t\t\t\t\t<div class=\"elementor-spacer\">\n\t\t\t<div class=\"elementor-spacer-inner\"><\/div>\n\t\t<\/div>\n\t\t\t\t<\/div>\n\t\t\t\t<\/div>\n\t\t\t\t\t<\/div>\n\t\t<\/div>\n\t\t\t\t<div class=\"elementor-column elementor-col-33 elementor-top-column elementor-element elementor-element-28d1505\" data-id=\"28d1505\" data-element_type=\"column\">\n\t\t\t<div class=\"elementor-widget-wrap elementor-element-populated\">\n\t\t\t\t\t\t<div class=\"elementor-element elementor-element-4776a57 elementor-widget elementor-widget-lebari_home_banner_v2\" data-id=\"4776a57\" data-element_type=\"widget\" data-widget_type=\"lebari_home_banner_v2.default\">\n\t\t\t\t<div class=\"elementor-widget-container\">\n\t\t\t\t\t\n        <!-- Banner Section Two -->\n        <section class=\"banner-section-two\">\n            <div class=\"auto-container\">\n                <div class=\"pattern-layer-two\" style=\"background-image: url(https:\/\/drzev.de\/wp-content\/themes\/lebari\/assets\/images\/background\/pattern-15.png)\"><\/div>\n                <div class=\"pattern-layer-three\" style=\"background-image: url(https:\/\/drzev.de\/wp-content\/themes\/lebari\/assets\/images\/main-slider\/icon-2.png)\"><\/div>\n                <div class=\"row clearfix\">\n                \n                    <!-- Content Column -->\n                    <div class=\"content-column col-lg-6 col-md-12 col-sm-12\">\n                        <div class=\"pattern-layer-one\" style=\"background-image: url(https:\/\/drzev.de\/wp-content\/themes\/lebari\/assets\/images\/main-slider\/pattern-1.png)\"><\/div>\n                        <div class=\"icon-layer-one\" style=\"background-image: url(https:\/\/drzev.de\/wp-content\/themes\/lebari\/assets\/images\/main-slider\/icon-2.png)\"><\/div>\n                        <div class=\"icon-layer-two\" style=\"background-image: url(https:\/\/drzev.de\/wp-content\/themes\/lebari\/assets\/images\/main-slider\/pattern-2.png)\"><\/div>\n                        <div class=\"icon-layer-three\" style=\"background-image: url(https:\/\/drzev.de\/wp-content\/themes\/lebari\/assets\/images\/main-slider\/icon-1.png)\"><\/div>\n                        <div class=\"icon-layer-four\" style=\"background-image: url(https:\/\/drzev.de\/wp-content\/themes\/lebari\/assets\/images\/icons\/icon-3.png)\"><\/div>\n                        <div class=\"icon-layer-five\" style=\"background-image: url(https:\/\/drzev.de\/wp-content\/themes\/lebari\/assets\/images\/icons\/icon-4.png)\"><\/div>\n                        <div class=\"inner-column\">\n                            <h1><\/h1>\n                                                    <\/div>\n                    <\/div>\n                                    <\/div>\n            <\/div>\n        <\/section>\n        <!-- End Banner Section -->\n           \n        \t\t<\/div>\n\t\t\t\t<\/div>\n\t\t\t\t\t<\/div>\n\t\t<\/div>\n\t\t\t\t\t<\/div>\n\t\t<\/section>\n\t\t\t\t<section class=\"elementor-section elementor-top-section elementor-element elementor-element-8017891 elementor-section-boxed elementor-section-height-default elementor-section-height-default\" data-id=\"8017891\" data-element_type=\"section\">\n\t\t\t\t\t\t<div class=\"elementor-container elementor-column-gap-default\">\n\t\t\t\t\t<div class=\"elementor-column elementor-col-100 elementor-top-column elementor-element elementor-element-80dd40a\" data-id=\"80dd40a\" data-element_type=\"column\">\n\t\t\t<div class=\"elementor-widget-wrap elementor-element-populated\">\n\t\t\t\t\t\t<div class=\"elementor-element elementor-element-d3e9664 elementor-widget elementor-widget-spacer\" data-id=\"d3e9664\" data-element_type=\"widget\" data-widget_type=\"spacer.default\">\n\t\t\t\t<div class=\"elementor-widget-container\">\n\t\t\t\t\t<div class=\"elementor-spacer\">\n\t\t\t<div class=\"elementor-spacer-inner\"><\/div>\n\t\t<\/div>\n\t\t\t\t<\/div>\n\t\t\t\t<\/div>\n\t\t\t\t\t<\/div>\n\t\t<\/div>\n\t\t\t\t\t<\/div>\n\t\t<\/section>\n\t\t\t\t<section class=\"elementor-section elementor-top-section elementor-element elementor-element-6d98d53 elementor-section-boxed elementor-section-height-default elementor-section-height-default\" data-id=\"6d98d53\" data-element_type=\"section\">\n\t\t\t\t\t\t<div class=\"elementor-container elementor-column-gap-default\">\n\t\t\t\t\t<div class=\"elementor-column elementor-col-33 elementor-top-column elementor-element elementor-element-49e984c\" data-id=\"49e984c\" data-element_type=\"column\" data-settings=\"{&quot;background_background&quot;:&quot;classic&quot;}\">\n\t\t\t<div class=\"elementor-widget-wrap elementor-element-populated\">\n\t\t\t\t\t\t<div class=\"elementor-element elementor-element-d148fc6 elementor-widget elementor-widget-spacer\" data-id=\"d148fc6\" data-element_type=\"widget\" data-widget_type=\"spacer.default\">\n\t\t\t\t<div class=\"elementor-widget-container\">\n\t\t\t\t\t<div class=\"elementor-spacer\">\n\t\t\t<div class=\"elementor-spacer-inner\"><\/div>\n\t\t<\/div>\n\t\t\t\t<\/div>\n\t\t\t\t<\/div>\n\t\t\t\t<div class=\"elementor-element elementor-element-76fe63e elementor-widget elementor-widget-heading\" data-id=\"76fe63e\" data-element_type=\"widget\" data-widget_type=\"heading.default\">\n\t\t\t\t<div class=\"elementor-widget-container\">\n\t\t\t<h4 class=\"elementor-heading-title elementor-size-default\">Kursbeginn \"Deutsch f\u00fcr \u00fc50\"<\/h4>\t\t<\/div>\n\t\t\t\t<\/div>\n\t\t\t\t<div class=\"elementor-element elementor-element-ececb4d elementor-widget elementor-widget-image\" data-id=\"ececb4d\" data-element_type=\"widget\" data-widget_type=\"image.default\">\n\t\t\t\t<div class=\"elementor-widget-container\">\n\t\t\t<style>\/*! elementor - v3.19.0 - 07-02-2024 *\/\n.elementor-widget-image{text-align:center}.elementor-widget-image a{display:inline-block}.elementor-widget-image a img[src$=\".svg\"]{width:48px}.elementor-widget-image img{vertical-align:middle;display:inline-block}<\/style>\t\t\t\t\t\t\t\t\t\t<img fetchpriority=\"high\" decoding=\"async\" width=\"370\" height=\"240\" src=\"https:\/\/drzev.de\/wp-content\/uploads\/2024\/01\/fff4b135-5c7f-4fd4-9c6f-b842cee4a78b-370x240.jpg\" class=\"attachment-lebari_370x240 size-lebari_370x240 wp-image-3434\" alt=\"\" \/>\t\t\t\t\t\t\t\t\t\t\t\t\t<\/div>\n\t\t\t\t<\/div>\n\t\t\t\t<div class=\"elementor-element elementor-element-b52dfa3 elementor-widget elementor-widget-text-editor\" data-id=\"b52dfa3\" data-element_type=\"widget\" data-widget_type=\"text-editor.default\">\n\t\t\t\t<div class=\"elementor-widget-container\">\n\t\t\t\t\t\t\t<p>Am Dienstag, den 16.01.2024, startete der neue Kurs &#8222;Deutsch f\u00fcr \u00fc50&#8220; in unserem Familienzentrum in Heuchelheim. Direkt am ersten Tag war der Kurs schon voll und es sind noch viele Menschen auf der Warteliste. Das Besondere an dem Kurs ist es, dass er sich auf die Kommunikation auf Deutsch richtet. Die Teilnehmenden pauken nicht die grammatischen Strukturen und einzelne W\u00f6rter, die sie nicht anwenden k\u00f6nnen, sondern lernen miteinander unter Aufsicht und aktiver Teilnahme der Deutschlehrerin auf Deutsch zu sprechen. Falls die Schwierigkeiten doch auftauchen, kann sie diese sofort auf Russisch aufgreifen und erkl\u00e4ren. Die Teilnehmenden sind von dem Kurs begeistert und warten ungeduldig auf den n\u00e4chsten Unterricht.<\/p>\t\t\t\t\t\t<\/div>\n\t\t\t\t<\/div>\n\t\t\t\t\t<\/div>\n\t\t<\/div>\n\t\t\t\t<div class=\"elementor-column elementor-col-33 elementor-top-column elementor-element elementor-element-3adac71\" data-id=\"3adac71\" data-element_type=\"column\" data-settings=\"{&quot;background_background&quot;:&quot;classic&quot;}\">\n\t\t\t<div class=\"elementor-widget-wrap\">\n\t\t\t\t\t\t\t<\/div>\n\t\t<\/div>\n\t\t\t\t<div class=\"elementor-column elementor-col-33 elementor-top-column elementor-element elementor-element-fbc3e84\" data-id=\"fbc3e84\" data-element_type=\"column\">\n\t\t\t<div class=\"elementor-widget-wrap elementor-element-populated\">\n\t\t\t\t\t\t<div class=\"elementor-element elementor-element-c0c6caf elementor-widget elementor-widget-spacer\" data-id=\"c0c6caf\" data-element_type=\"widget\" data-widget_type=\"spacer.default\">\n\t\t\t\t<div class=\"elementor-widget-container\">\n\t\t\t\t\t<div class=\"elementor-spacer\">\n\t\t\t<div class=\"elementor-spacer-inner\"><\/div>\n\t\t<\/div>\n\t\t\t\t<\/div>\n\t\t\t\t<\/div>\n\t\t\t\t<div class=\"elementor-element elementor-element-292b4bf elementor-widget elementor-widget-heading\" data-id=\"292b4bf\" data-element_type=\"widget\" data-widget_type=\"heading.default\">\n\t\t\t\t<div class=\"elementor-widget-container\">\n\t\t\t<h4 class=\"elementor-heading-title elementor-size-default\">Seminar \"Bildungssystem in Deutschland\"<\/h4>\t\t<\/div>\n\t\t\t\t<\/div>\n\t\t\t\t<div class=\"elementor-element elementor-element-c14dfba elementor-widget elementor-widget-image\" data-id=\"c14dfba\" data-element_type=\"widget\" data-widget_type=\"image.default\">\n\t\t\t\t<div class=\"elementor-widget-container\">\n\t\t\t\t\t\t\t\t\t\t\t\t\t<img decoding=\"async\" width=\"370\" height=\"240\" src=\"https:\/\/drzev.de\/wp-content\/uploads\/2024\/01\/4774e934-b039-4597-9f30-b9af9ba5b5b5-370x240.jpg\" class=\"attachment-lebari_370x240 size-lebari_370x240 wp-image-3431\" alt=\"\" \/>\t\t\t\t\t\t\t\t\t\t\t\t\t<\/div>\n\t\t\t\t<\/div>\n\t\t\t\t<div class=\"elementor-element elementor-element-7aff2a8 elementor-widget elementor-widget-text-editor\" data-id=\"7aff2a8\" data-element_type=\"widget\" data-widget_type=\"text-editor.default\">\n\t\t\t\t<div class=\"elementor-widget-container\">\n\t\t\t\t\t\t\t<p>Am Samstag, den 13.01.2024, fand das Seminar &#8222;Bildungssystem in Deutschland&#8220; statt. Die Vorsitzende des Vereins Anna Ens (Lehrkraft einer Gesamtschule) erkl\u00e4rte die Besonderheiten des deutschen Schulsystems und die M\u00f6glichkeiten der Weiterbildung. An dem Seminar nahmen \u00fcber 25 Personen teil, die meisten davon ukrainische Fl\u00fcchtlinge: Eltern der schulpflichtigen Kindern; Jugendliche, die vor der Entscheidung stehen, wie ihre Zukunft zu gestalten ist. Alle Teilnehmenden konnten ihre Fragen w\u00e4hrend des Seminars stellen, diese wurden direkt beantwortet. <\/p>\t\t\t\t\t\t<\/div>\n\t\t\t\t<\/div>\n\t\t\t\t\t<\/div>\n\t\t<\/div>\n\t\t\t\t\t<\/div>\n\t\t<\/section>\n\t\t\t\t<section class=\"elementor-section elementor-top-section elementor-element elementor-element-e88b051 elementor-section-boxed elementor-section-height-default elementor-section-height-default\" data-id=\"e88b051\" data-element_type=\"section\">\n\t\t\t\t\t\t<div class=\"elementor-container elementor-column-gap-default\">\n\t\t\t\t\t<div class=\"elementor-column elementor-col-100 elementor-top-column elementor-element elementor-element-94c1ab9\" data-id=\"94c1ab9\" data-element_type=\"column\">\n\t\t\t<div class=\"elementor-widget-wrap elementor-element-populated\">\n\t\t\t\t\t\t<div class=\"elementor-element elementor-element-df5479e elementor-widget elementor-widget-spacer\" data-id=\"df5479e\" data-element_type=\"widget\" data-widget_type=\"spacer.default\">\n\t\t\t\t<div class=\"elementor-widget-container\">\n\t\t\t\t\t<div class=\"elementor-spacer\">\n\t\t\t<div class=\"elementor-spacer-inner\"><\/div>\n\t\t<\/div>\n\t\t\t\t<\/div>\n\t\t\t\t<\/div>\n\t\t\t\t\t<\/div>\n\t\t<\/div>\n\t\t\t\t\t<\/div>\n\t\t<\/section>\n\t\t\t\t<section class=\"elementor-section elementor-top-section elementor-element elementor-element-ba6123b elementor-section-boxed elementor-section-height-default elementor-section-height-default\" data-id=\"ba6123b\" data-element_type=\"section\">\n\t\t\t\t\t\t<div class=\"elementor-container elementor-column-gap-default\">\n\t\t\t\t\t<div class=\"elementor-column elementor-col-33 elementor-top-column elementor-element elementor-element-9d550e8\" data-id=\"9d550e8\" data-element_type=\"column\">\n\t\t\t<div class=\"elementor-widget-wrap elementor-element-populated\">\n\t\t\t\t\t\t<div class=\"elementor-element elementor-element-bf2573f elementor-widget elementor-widget-spacer\" data-id=\"bf2573f\" data-element_type=\"widget\" data-widget_type=\"spacer.default\">\n\t\t\t\t<div class=\"elementor-widget-container\">\n\t\t\t\t\t<div class=\"elementor-spacer\">\n\t\t\t<div class=\"elementor-spacer-inner\"><\/div>\n\t\t<\/div>\n\t\t\t\t<\/div>\n\t\t\t\t<\/div>\n\t\t\t\t<div class=\"elementor-element elementor-element-54c12ed elementor-widget elementor-widget-heading\" data-id=\"54c12ed\" data-element_type=\"widget\" data-widget_type=\"heading.default\">\n\t\t\t\t<div class=\"elementor-widget-container\">\n\t\t\t<h4 class=\"elementor-heading-title elementor-size-default\">Zugelassener Tr\u00e4ger der Bildungsma\u00dfnahmen<\/h4>\t\t<\/div>\n\t\t\t\t<\/div>\n\t\t\t\t<div class=\"elementor-element elementor-element-926f18a elementor-widget elementor-widget-image\" data-id=\"926f18a\" data-element_type=\"widget\" data-widget_type=\"image.default\">\n\t\t\t\t<div class=\"elementor-widget-container\">\n\t\t\t\t\t\t\t\t\t\t\t\t\t<img decoding=\"async\" width=\"370\" height=\"240\" src=\"https:\/\/drzev.de\/wp-content\/uploads\/2024\/01\/Zertifikat-AZAV-Traeger-31T10231331_page-0001-370x240.jpg\" class=\"attachment-lebari_370x240 size-lebari_370x240 wp-image-3452\" alt=\"\" \/>\t\t\t\t\t\t\t\t\t\t\t\t\t<\/div>\n\t\t\t\t<\/div>\n\t\t\t\t<div class=\"elementor-element elementor-element-ce98542 elementor-widget elementor-widget-text-editor\" data-id=\"ce98542\" data-element_type=\"widget\" data-widget_type=\"text-editor.default\">\n\t\t\t\t<div class=\"elementor-widget-container\">\n\t\t\t\t\t\t\t<p>Kurz vor Weihnachten 2023 feiert unser Familienzentrum einen weiteren Meilenstein in seiner Entwicklung. Nach fast einem Jahr Vorbereitung sind wir endlich als Tr\u00e4ger der Bildungsma\u00dfnahmen (gem\u00e4\u00df \u00a7 178 SGB III) f\u00fcr den zertifizierten Bereich: Ma\u00dfnahmen zur Aktivierung und beruflichen Eingliederung nach \u00a7 45 Absatz 1 Satz 1 Nummer 1 bis 5 des Dritten Buches Sozialgesetzbuch zugelassen! Die ersten Bildungsma\u00dfnahmen, die wir anbieten, erscheinen in K\u00fcrze auf unserer Homepage und Instagram.<\/p>\t\t\t\t\t\t<\/div>\n\t\t\t\t<\/div>\n\t\t\t\t\t<\/div>\n\t\t<\/div>\n\t\t\t\t<div class=\"elementor-column elementor-col-33 elementor-top-column elementor-element elementor-element-a397526\" data-id=\"a397526\" data-element_type=\"column\" data-settings=\"{&quot;background_background&quot;:&quot;classic&quot;}\">\n\t\t\t<div class=\"elementor-widget-wrap\">\n\t\t\t\t\t\t\t<\/div>\n\t\t<\/div>\n\t\t\t\t<div class=\"elementor-column elementor-col-33 elementor-top-column elementor-element elementor-element-74d6ec1\" data-id=\"74d6ec1\" data-element_type=\"column\" data-settings=\"{&quot;background_background&quot;:&quot;classic&quot;}\">\n\t\t\t<div class=\"elementor-widget-wrap elementor-element-populated\">\n\t\t\t\t\t\t<div class=\"elementor-element elementor-element-8322afe elementor-widget elementor-widget-spacer\" data-id=\"8322afe\" data-element_type=\"widget\" data-widget_type=\"spacer.default\">\n\t\t\t\t<div class=\"elementor-widget-container\">\n\t\t\t\t\t<div class=\"elementor-spacer\">\n\t\t\t<div class=\"elementor-spacer-inner\"><\/div>\n\t\t<\/div>\n\t\t\t\t<\/div>\n\t\t\t\t<\/div>\n\t\t\t\t<div class=\"elementor-element elementor-element-0d409c6 elementor-widget elementor-widget-heading\" data-id=\"0d409c6\" data-element_type=\"widget\" data-widget_type=\"heading.default\">\n\t\t\t\t<div class=\"elementor-widget-container\">\n\t\t\t<h4 class=\"elementor-heading-title elementor-size-default\">Mini-Kita in Gie\u00dfen<\/h4>\t\t<\/div>\n\t\t\t\t<\/div>\n\t\t\t\t<div class=\"elementor-element elementor-element-7958a5f elementor-widget elementor-widget-image\" data-id=\"7958a5f\" data-element_type=\"widget\" data-widget_type=\"image.default\">\n\t\t\t\t<div class=\"elementor-widget-container\">\n\t\t\t\t\t\t\t\t\t\t\t\t\t<img loading=\"lazy\" decoding=\"async\" width=\"370\" height=\"240\" src=\"https:\/\/drzev.de\/wp-content\/uploads\/2024\/01\/11da3606-1167-469f-b81e-9d6f1784842c-370x240.jpg\" class=\"attachment-lebari_370x240 size-lebari_370x240 wp-image-3453\" alt=\"\" \/>\t\t\t\t\t\t\t\t\t\t\t\t\t<\/div>\n\t\t\t\t<\/div>\n\t\t\t\t<div class=\"elementor-element elementor-element-23584e3 elementor-widget elementor-widget-text-editor\" data-id=\"23584e3\" data-element_type=\"widget\" data-widget_type=\"text-editor.default\">\n\t\t\t\t<div class=\"elementor-widget-container\">\n\t\t\t\t\t\t\t\t\t\t\t\t\t<\/div>\n\t\t\t\t<\/div>\n\t\t\t\t\t<\/div>\n\t\t<\/div>\n\t\t\t\t\t<\/div>\n\t\t<\/section>\n\t\t\t\t<section class=\"elementor-section elementor-top-section elementor-element elementor-element-7b089d3 elementor-section-boxed elementor-section-height-default elementor-section-height-default\" data-id=\"7b089d3\" data-element_type=\"section\">\n\t\t\t\t\t\t<div class=\"elementor-container elementor-column-gap-default\">\n\t\t\t\t\t<div class=\"elementor-column elementor-col-100 elementor-top-column elementor-element elementor-element-88437f1\" data-id=\"88437f1\" data-element_type=\"column\">\n\t\t\t<div class=\"elementor-widget-wrap elementor-element-populated\">\n\t\t\t\t\t\t<div class=\"elementor-element elementor-element-236c053 elementor-widget elementor-widget-spacer\" data-id=\"236c053\" data-element_type=\"widget\" data-widget_type=\"spacer.default\">\n\t\t\t\t<div class=\"elementor-widget-container\">\n\t\t\t\t\t<div class=\"elementor-spacer\">\n\t\t\t<div class=\"elementor-spacer-inner\"><\/div>\n\t\t<\/div>\n\t\t\t\t<\/div>\n\t\t\t\t<\/div>\n\t\t\t\t\t<\/div>\n\t\t<\/div>\n\t\t\t\t\t<\/div>\n\t\t<\/section>\n\t\t\t\t<section class=\"elementor-section elementor-top-section elementor-element elementor-element-ba27b88 elementor-section-boxed elementor-section-height-default elementor-section-height-default\" data-id=\"ba27b88\" data-element_type=\"section\">\n\t\t\t\t\t\t<div class=\"elementor-container elementor-column-gap-default\">\n\t\t\t\t\t<div class=\"elementor-column elementor-col-100 elementor-top-column elementor-element elementor-element-f6d7f2c\" data-id=\"f6d7f2c\" data-element_type=\"column\">\n\t\t\t<div class=\"elementor-widget-wrap elementor-element-populated\">\n\t\t\t\t\t\t<div class=\"elementor-element elementor-element-f68cfe1 elementor-widget elementor-widget-spacer\" data-id=\"f68cfe1\" data-element_type=\"widget\" data-widget_type=\"spacer.default\">\n\t\t\t\t<div class=\"elementor-widget-container\">\n\t\t\t\t\t<div class=\"elementor-spacer\">\n\t\t\t<div class=\"elementor-spacer-inner\"><\/div>\n\t\t<\/div>\n\t\t\t\t<\/div>\n\t\t\t\t<\/div>\n\t\t\t\t\t<\/div>\n\t\t<\/div>\n\t\t\t\t\t<\/div>\n\t\t<\/section>\n\t\t\t\t<\/div>","protected":false},"excerpt":{"rendered":"<p>News Hier erz\u00e4hlen wir \u00fcber unsere Neuigkeiten. Kursbeginn &#8222;Deutsch f\u00fcr \u00fc50&#8220; Am Dienstag, den 16.01.2024, startete der neue Kurs &#8222;Deutsch f\u00fcr \u00fc50&#8220; in unserem Familienzentrum in Heuchelheim. Direkt am ersten [&hellip;]<\/p>","protected":false},"author":1,"featured_media":0,"parent":0,"menu_order":0,"comment_status":"closed","ping_status":"closed","template":"tpl-default-elementor.php","meta":{"footnotes":""},"class_list":["post-2509","page","type-page","status-publish","hentry"],"_links":{"self":[{"href":"https:\/\/drzev.de\/ru\/wp-json\/wp\/v2\/pages\/2509","targetHints":{"allow":["GET"]}}],"collection":[{"href":"https:\/\/drzev.de\/ru\/wp-json\/wp\/v2\/pages"}],"about":[{"href":"https:\/\/drzev.de\/ru\/wp-json\/wp\/v2\/types\/page"}],"author":[{"embeddable":true,"href":"https:\/\/drzev.de\/ru\/wp-json\/wp\/v2\/users\/1"}],"replies":[{"embeddable":true,"href":"https:\/\/drzev.de\/ru\/wp-json\/wp\/v2\/comments?post=2509"}],"version-history":[{"count":59,"href":"https:\/\/drzev.de\/ru\/wp-json\/wp\/v2\/pages\/2509\/revisions"}],"predecessor-version":[{"id":3456,"href":"https:\/\/drzev.de\/ru\/wp-json\/wp\/v2\/pages\/2509\/revisions\/3456"}],"wp:attachment":[{"href":"https:\/\/drzev.de\/ru\/wp-json\/wp\/v2\/media?parent=2509"}],"curies":[{"name":"wp","href":"https:\/\/api.w.org\/{rel}","templated":true}]}}