{"id":2448,"date":"2022-05-07T18:18:27","date_gmt":"2022-05-07T16:18:27","guid":{"rendered":"http:\/\/drzev.de\/?page_id=2448"},"modified":"2024-01-10T12:28:28","modified_gmt":"2024-01-10T11:28:28","slug":"konzept","status":"publish","type":"page","link":"https:\/\/drzev.de\/ru\/konzept\/","title":{"rendered":"\u041a\u043e\u043d\u0446\u0435\u043f\u0442"},"content":{"rendered":"<div data-elementor-type=\"wp-page\" data-elementor-id=\"2448\" class=\"elementor elementor-2448\">\n\t\t\t\t\t\t<section class=\"elementor-section elementor-top-section elementor-element elementor-element-8a42bed elementor-section-boxed elementor-section-height-default elementor-section-height-default\" data-id=\"8a42bed\" data-element_type=\"section\" data-settings=\"{&quot;background_background&quot;:&quot;classic&quot;}\">\n\t\t\t\t\t\t<div class=\"elementor-container elementor-column-gap-default\">\n\t\t\t\t\t<div class=\"elementor-column elementor-col-66 elementor-top-column elementor-element elementor-element-74d04bf\" data-id=\"74d04bf\" data-element_type=\"column\">\n\t\t\t<div class=\"elementor-widget-wrap elementor-element-populated\">\n\t\t\t\t\t\t<div class=\"elementor-element elementor-element-cbe46ba elementor-widget elementor-widget-spacer\" data-id=\"cbe46ba\" data-element_type=\"widget\" data-widget_type=\"spacer.default\">\n\t\t\t\t<div class=\"elementor-widget-container\">\n\t\t\t<style>\/*! elementor - v3.19.0 - 07-02-2024 *\/\n.elementor-column .elementor-spacer-inner{height:var(--spacer-size)}.e-con{--container-widget-width:100%}.e-con-inner>.elementor-widget-spacer,.e-con>.elementor-widget-spacer{width:var(--container-widget-width,var(--spacer-size));--align-self:var(--container-widget-align-self,initial);--flex-shrink:0}.e-con-inner>.elementor-widget-spacer>.elementor-widget-container,.e-con>.elementor-widget-spacer>.elementor-widget-container{height:100%;width:100%}.e-con-inner>.elementor-widget-spacer>.elementor-widget-container>.elementor-spacer,.e-con>.elementor-widget-spacer>.elementor-widget-container>.elementor-spacer{height:100%}.e-con-inner>.elementor-widget-spacer>.elementor-widget-container>.elementor-spacer>.elementor-spacer-inner,.e-con>.elementor-widget-spacer>.elementor-widget-container>.elementor-spacer>.elementor-spacer-inner{height:var(--container-widget-height,var(--spacer-size))}.e-con-inner>.elementor-widget-spacer.elementor-widget-empty,.e-con>.elementor-widget-spacer.elementor-widget-empty{position:relative;min-height:22px;min-width:22px}.e-con-inner>.elementor-widget-spacer.elementor-widget-empty .elementor-widget-empty-icon,.e-con>.elementor-widget-spacer.elementor-widget-empty .elementor-widget-empty-icon{position:absolute;top:0;bottom:0;left:0;right:0;margin:auto;padding:0;width:22px;height:22px}<\/style>\t\t<div class=\"elementor-spacer\">\n\t\t\t<div class=\"elementor-spacer-inner\"><\/div>\n\t\t<\/div>\n\t\t\t\t<\/div>\n\t\t\t\t<\/div>\n\t\t\t\t<div class=\"elementor-element elementor-element-0b765ca elementor-widget elementor-widget-heading\" data-id=\"0b765ca\" data-element_type=\"widget\" data-widget_type=\"heading.default\">\n\t\t\t\t<div class=\"elementor-widget-container\">\n\t\t\t<style>\/*! elementor - v3.19.0 - 07-02-2024 *\/\n.elementor-heading-title{padding:0;margin:0;line-height:1}.elementor-widget-heading .elementor-heading-title[class*=elementor-size-]>a{color:inherit;font-size:inherit;line-height:inherit}.elementor-widget-heading .elementor-heading-title.elementor-size-small{font-size:15px}.elementor-widget-heading .elementor-heading-title.elementor-size-medium{font-size:19px}.elementor-widget-heading .elementor-heading-title.elementor-size-large{font-size:29px}.elementor-widget-heading .elementor-heading-title.elementor-size-xl{font-size:39px}.elementor-widget-heading .elementor-heading-title.elementor-size-xxl{font-size:59px}<\/style><h2 class=\"elementor-heading-title elementor-size-default\">\u041a\u043e\u043d\u0446\u0435\u043f\u0442<\/h2>\t\t<\/div>\n\t\t\t\t<\/div>\n\t\t\t\t<div class=\"elementor-element elementor-element-d762b02 elementor-widget elementor-widget-text-editor\" data-id=\"d762b02\" data-element_type=\"widget\" data-widget_type=\"text-editor.default\">\n\t\t\t\t<div class=\"elementor-widget-container\">\n\t\t\t<style>\/*! elementor - v3.19.0 - 07-02-2024 *\/\n.elementor-widget-text-editor.elementor-drop-cap-view-stacked .elementor-drop-cap{background-color:#69727d;color:#fff}.elementor-widget-text-editor.elementor-drop-cap-view-framed .elementor-drop-cap{color:#69727d;border:3px solid;background-color:transparent}.elementor-widget-text-editor:not(.elementor-drop-cap-view-default) .elementor-drop-cap{margin-top:8px}.elementor-widget-text-editor:not(.elementor-drop-cap-view-default) .elementor-drop-cap-letter{width:1em;height:1em}.elementor-widget-text-editor .elementor-drop-cap{float:left;text-align:center;line-height:1;font-size:50px}.elementor-widget-text-editor .elementor-drop-cap-letter{display:inline-block}<\/style>\t\t\t\t<h6>Welche Ziele verfolgen wir? Was wollen wir erreichen?<\/h6>\t\t\t\t\t\t<\/div>\n\t\t\t\t<\/div>\n\t\t\t\t<div class=\"elementor-element elementor-element-1124630 elementor-widget elementor-widget-spacer\" data-id=\"1124630\" data-element_type=\"widget\" data-widget_type=\"spacer.default\">\n\t\t\t\t<div class=\"elementor-widget-container\">\n\t\t\t\t\t<div class=\"elementor-spacer\">\n\t\t\t<div class=\"elementor-spacer-inner\"><\/div>\n\t\t<\/div>\n\t\t\t\t<\/div>\n\t\t\t\t<\/div>\n\t\t\t\t\t<\/div>\n\t\t<\/div>\n\t\t\t\t<div class=\"elementor-column elementor-col-33 elementor-top-column elementor-element elementor-element-9c7962c\" data-id=\"9c7962c\" data-element_type=\"column\">\n\t\t\t<div class=\"elementor-widget-wrap elementor-element-populated\">\n\t\t\t\t\t\t<div class=\"elementor-element elementor-element-330acf9 elementor-widget elementor-widget-lebari_home_banner_v2\" data-id=\"330acf9\" data-element_type=\"widget\" data-widget_type=\"lebari_home_banner_v2.default\">\n\t\t\t\t<div class=\"elementor-widget-container\">\n\t\t\t\t\t\n        <!-- Banner Section Two -->\n        <section class=\"banner-section-two\">\n            <div class=\"auto-container\">\n                <div class=\"pattern-layer-two\" style=\"background-image: url(https:\/\/drzev.de\/wp-content\/themes\/lebari\/assets\/images\/background\/pattern-15.png)\"><\/div>\n                <div class=\"pattern-layer-three\" style=\"background-image: url(https:\/\/drzev.de\/wp-content\/themes\/lebari\/assets\/images\/main-slider\/icon-2.png)\"><\/div>\n                <div class=\"row clearfix\">\n                \n                    <!-- Content Column -->\n                    <div class=\"content-column col-lg-6 col-md-12 col-sm-12\">\n                        <div class=\"pattern-layer-one\" style=\"background-image: url(https:\/\/drzev.de\/wp-content\/themes\/lebari\/assets\/images\/main-slider\/pattern-1.png)\"><\/div>\n                        <div class=\"icon-layer-one\" style=\"background-image: url(https:\/\/drzev.de\/wp-content\/themes\/lebari\/assets\/images\/main-slider\/icon-2.png)\"><\/div>\n                        <div class=\"icon-layer-two\" style=\"background-image: url(https:\/\/drzev.de\/wp-content\/themes\/lebari\/assets\/images\/main-slider\/pattern-2.png)\"><\/div>\n                        <div class=\"icon-layer-three\" style=\"background-image: url(https:\/\/drzev.de\/wp-content\/themes\/lebari\/assets\/images\/main-slider\/icon-1.png)\"><\/div>\n                        <div class=\"icon-layer-four\" style=\"background-image: url(https:\/\/drzev.de\/wp-content\/themes\/lebari\/assets\/images\/icons\/icon-3.png)\"><\/div>\n                        <div class=\"icon-layer-five\" style=\"background-image: url(https:\/\/drzev.de\/wp-content\/themes\/lebari\/assets\/images\/icons\/icon-4.png)\"><\/div>\n                        <div class=\"inner-column\">\n                            <h1><\/h1>\n                                                    <\/div>\n                    <\/div>\n                                    <\/div>\n            <\/div>\n        <\/section>\n        <!-- End Banner Section -->\n           \n        \t\t<\/div>\n\t\t\t\t<\/div>\n\t\t\t\t\t<\/div>\n\t\t<\/div>\n\t\t\t\t\t<\/div>\n\t\t<\/section>\n\t\t\t\t<section class=\"elementor-section elementor-top-section elementor-element elementor-element-43f8e17 elementor-section-boxed elementor-section-height-default elementor-section-height-default\" data-id=\"43f8e17\" data-element_type=\"section\">\n\t\t\t\t\t\t<div class=\"elementor-container elementor-column-gap-default\">\n\t\t\t\t\t<div class=\"elementor-column elementor-col-33 elementor-top-column elementor-element elementor-element-0282fd8\" data-id=\"0282fd8\" data-element_type=\"column\">\n\t\t\t<div class=\"elementor-widget-wrap elementor-element-populated\">\n\t\t\t\t\t\t<div class=\"elementor-element elementor-element-989f75e elementor-widget elementor-widget-spacer\" data-id=\"989f75e\" data-element_type=\"widget\" data-widget_type=\"spacer.default\">\n\t\t\t\t<div class=\"elementor-widget-container\">\n\t\t\t\t\t<div class=\"elementor-spacer\">\n\t\t\t<div class=\"elementor-spacer-inner\"><\/div>\n\t\t<\/div>\n\t\t\t\t<\/div>\n\t\t\t\t<\/div>\n\t\t\t\t<div class=\"elementor-element elementor-element-bd09205 elementor-widget elementor-widget-image\" data-id=\"bd09205\" data-element_type=\"widget\" data-widget_type=\"image.default\">\n\t\t\t\t<div class=\"elementor-widget-container\">\n\t\t\t<style>\/*! elementor - v3.19.0 - 07-02-2024 *\/\n.elementor-widget-image{text-align:center}.elementor-widget-image a{display:inline-block}.elementor-widget-image a img[src$=\".svg\"]{width:48px}.elementor-widget-image img{vertical-align:middle;display:inline-block}<\/style>\t\t\t\t\t\t\t\t\t\t<img fetchpriority=\"high\" decoding=\"async\" width=\"320\" height=\"294\" src=\"https:\/\/drzev.de\/wp-content\/uploads\/2022\/05\/child-gdc0a17362_1280-320x294.jpg\" class=\"attachment-lebari_320x294 size-lebari_320x294 wp-image-2450\" alt=\"\" \/>\t\t\t\t\t\t\t\t\t\t\t\t\t<\/div>\n\t\t\t\t<\/div>\n\t\t\t\t\t<\/div>\n\t\t<\/div>\n\t\t\t\t<div class=\"elementor-column elementor-col-66 elementor-top-column elementor-element elementor-element-d259ace\" data-id=\"d259ace\" data-element_type=\"column\">\n\t\t\t<div class=\"elementor-widget-wrap elementor-element-populated\">\n\t\t\t\t\t\t<div class=\"elementor-element elementor-element-2a7772a elementor-widget elementor-widget-spacer\" data-id=\"2a7772a\" data-element_type=\"widget\" data-widget_type=\"spacer.default\">\n\t\t\t\t<div class=\"elementor-widget-container\">\n\t\t\t\t\t<div class=\"elementor-spacer\">\n\t\t\t<div class=\"elementor-spacer-inner\"><\/div>\n\t\t<\/div>\n\t\t\t\t<\/div>\n\t\t\t\t<\/div>\n\t\t\t\t<div class=\"elementor-element elementor-element-b642337 elementor-widget elementor-widget-text-editor\" data-id=\"b642337\" data-element_type=\"widget\" data-widget_type=\"text-editor.default\">\n\t\t\t\t<div class=\"elementor-widget-container\">\n\t\t\t\t\t\t\t<h6>\u0412\u043e\u0437\u0440\u0430\u0441\u0442 \u0434\u043e 6 \u043b\u0435\u0442 \u043f\u0440\u0435\u043a\u0440\u0430\u0441\u043d\u043e \u043f\u043e\u0434\u0445\u043e\u0434\u0438\u0442 \u0434\u043b\u044f \u0438\u0437\u0443\u0447\u0435\u043d\u0438\u044f \u043d\u043e\u0432\u043e\u0433\u043e \u044f\u0437\u044b\u043a\u0430. \u041f\u043e\u044d\u0442\u043e\u043c\u0443 \u043c\u044b \u0442\u0430\u043a \u0441\u0442\u0440\u0435\u043c\u0438\u043c\u0441\u044f \u0438\u0441\u043f\u043e\u043b\u044c\u0437\u043e\u0432\u0430\u0442\u044c \u044d\u0442\u043e \u0432\u0440\u0435\u043c\u044f \u0438 \u043f\u043e\u0434\u0434\u0435\u0440\u0436\u0430\u0442\u044c \u0434\u0435\u0442\u0435\u0439 \u0438 \u0438\u0445 \u0441\u0435\u043c\u044c\u0438 \u0432 \u043d\u0435\u043b\u0435\u0433\u043a\u043e\u043c \u043f\u0440\u043e\u0446\u0435\u0441\u0441\u0435 \u0432\u043e\u0441\u043f\u0438\u0442\u0430\u043d\u0438\u044f \u0434\u0432\u0443\u044f\u0437\u044b\u0447\u043d\u044b\u0445, \u0431\u0438\u043b\u0438\u043d\u0433\u0432\u0430\u043b\u044c\u043d\u044b\u0445 \u0434\u0435\u0442\u0435\u0439. \u041d\u0430\u0438\u0431\u043e\u043b\u0435\u0435 \u043f\u043e\u0434\u0445\u043e\u0434\u044f\u0449\u0438\u0439 \u043c\u0435\u0442\u043e\u0434 \u0434\u043b\u044f \u0438\u0437\u0443\u0447\u0435\u043d\u0438\u044f \u0432\u0442\u043e\u0440\u043e\u0433\u043e \u044f\u0437\u044b\u043a\u0430 \u0432 \u044d\u0442\u043e\u043c \u0432\u043e\u0437\u0440\u0430\u0441\u0442\u0435 \u044f\u0432\u043b\u044f\u0435\u0442\u0441\u044f \u043c\u0435\u0442\u043e\u0434 \u043f\u043e\u0433\u0440\u0443\u0436\u0435\u043d\u0438\u044f, \u043f\u0440\u0438 \u043a\u043e\u0442\u043e\u0440\u043e\u043c \u043d\u043e\u0432\u044b\u0439 \u044f\u0437\u044b\u043a \u0441\u0442\u0430\u043d\u043e\u0432\u0438\u0442\u0441\u044f \u044f\u0437\u044b\u043a\u043e\u043c \u043f\u043e\u0441\u0442\u043e\u044f\u043d\u043d\u043e\u0433\u043e \u043e\u0431\u0449\u0435\u043d\u0438\u044f. \u0414\u0435\u0442\u0438 \u043d\u0435 \u043f\u0435\u0440\u0435\u043d\u0430\u0433\u0440\u0443\u0436\u0430\u044e\u0442\u0441\u044f, \u0442.\u043a. \u044d\u0442\u043e\u0442 \u043f\u0440\u0438\u043d\u0446\u0438\u043f \u0441\u043e\u043e\u0442\u0432\u0435\u0442\u0441\u0442\u0432\u0443\u0435\u0442 \u0435\u0441\u0442\u0435\u0441\u0442\u0432\u0435\u043d\u043d\u043e\u043c\u0443 \u043f\u0440\u043e\u0446\u0435\u0441\u0441\u0443 \u0443\u0441\u0432\u043e\u0435\u043d\u0438\u044f \u044f\u0437\u044b\u043a\u0430, \u043a\u043e\u0442\u043e\u0440\u044b\u0439 \u0432 \u0441\u0432\u043e\u0435\u0439 \u0436\u0438\u0437\u043d\u0438 \u043f\u0440\u043e\u0445\u043e\u0434\u0438\u0442 \u043a\u0430\u0436\u0434\u044b\u0439 \u0440\u0435\u0431\u0435\u043d\u043e\u043a.<\/h6><h6>\u00a0<\/h6><h6>Die Wissenschaft hat bewiesen, dass zweisprachige Kinder in der Regel mit besseren und vielseitigen F\u00e4higkeiten heranwachsen, Toleranz gegen\u00fcber anderen V\u00f6lkern, Sprachen und Kulturkreisen zeigen. Die Kenntnis von Fremdsprachen er\u00f6ffnet neue Chancen nicht nur im sp\u00e4teren Berufsleben, sondern tr\u00e4gt auch zur vollwertigen Entwicklung der Pers\u00f6nlichkeit bei.<\/h6>\t\t\t\t\t\t<\/div>\n\t\t\t\t<\/div>\n\t\t\t\t\t<\/div>\n\t\t<\/div>\n\t\t\t\t\t<\/div>\n\t\t<\/section>\n\t\t\t\t<section class=\"elementor-section elementor-top-section elementor-element elementor-element-cb42223 elementor-section-boxed elementor-section-height-default elementor-section-height-default\" data-id=\"cb42223\" data-element_type=\"section\">\n\t\t\t\t\t\t<div class=\"elementor-container elementor-column-gap-default\">\n\t\t\t\t\t<div class=\"elementor-column elementor-col-66 elementor-top-column elementor-element elementor-element-23c2f1b\" data-id=\"23c2f1b\" data-element_type=\"column\">\n\t\t\t<div class=\"elementor-widget-wrap elementor-element-populated\">\n\t\t\t\t\t\t<div class=\"elementor-element elementor-element-7db767d elementor-widget elementor-widget-spacer\" data-id=\"7db767d\" data-element_type=\"widget\" data-widget_type=\"spacer.default\">\n\t\t\t\t<div class=\"elementor-widget-container\">\n\t\t\t\t\t<div class=\"elementor-spacer\">\n\t\t\t<div class=\"elementor-spacer-inner\"><\/div>\n\t\t<\/div>\n\t\t\t\t<\/div>\n\t\t\t\t<\/div>\n\t\t\t\t<div class=\"elementor-element elementor-element-aea0dea elementor-widget elementor-widget-text-editor\" data-id=\"aea0dea\" data-element_type=\"widget\" data-widget_type=\"text-editor.default\">\n\t\t\t\t<div class=\"elementor-widget-container\">\n\t\t\t\t\t\t\t<h6>Unser Ziel ist es, Jugendliche im Schulalter zu vielseitig entwickelten Menschen zu erziehen, in ihnen die Liebe zu den Sprachen, Musik und Kunst zu wecken, ihnen Freude am Unterricht und in der Freizeit zu vermitteln, Vergn\u00fcgen und Spa\u00df bei der Erkenntnis von Neuem zu haben und zur Erziehung verantwortungsbewusster und vielseitig gebildeter B\u00fcrgerinnen und B\u00fcrger unserer Gesellschaft beizutragen.<\/h6>\t\t\t\t\t\t<\/div>\n\t\t\t\t<\/div>\n\t\t\t\t\t<\/div>\n\t\t<\/div>\n\t\t\t\t<div class=\"elementor-column elementor-col-33 elementor-top-column elementor-element elementor-element-7eb19c2\" data-id=\"7eb19c2\" data-element_type=\"column\">\n\t\t\t<div class=\"elementor-widget-wrap elementor-element-populated\">\n\t\t\t\t\t\t<div class=\"elementor-element elementor-element-5947fb5 elementor-widget elementor-widget-spacer\" data-id=\"5947fb5\" data-element_type=\"widget\" data-widget_type=\"spacer.default\">\n\t\t\t\t<div class=\"elementor-widget-container\">\n\t\t\t\t\t<div class=\"elementor-spacer\">\n\t\t\t<div class=\"elementor-spacer-inner\"><\/div>\n\t\t<\/div>\n\t\t\t\t<\/div>\n\t\t\t\t<\/div>\n\t\t\t\t<div class=\"elementor-element elementor-element-f715da4 elementor-widget elementor-widget-image\" data-id=\"f715da4\" data-element_type=\"widget\" data-widget_type=\"image.default\">\n\t\t\t\t<div class=\"elementor-widget-container\">\n\t\t\t\t\t\t\t\t\t\t\t\t\t<img decoding=\"async\" width=\"319\" height=\"251\" src=\"https:\/\/drzev.de\/wp-content\/uploads\/2022\/05\/to-learn-gd0bfeadd4_1920-319x251.jpg\" class=\"attachment-lebari_319x251 size-lebari_319x251 wp-image-2451\" alt=\"\" \/>\t\t\t\t\t\t\t\t\t\t\t\t\t<\/div>\n\t\t\t\t<\/div>\n\t\t\t\t<div class=\"elementor-element elementor-element-2cc7205 elementor-widget elementor-widget-spacer\" data-id=\"2cc7205\" data-element_type=\"widget\" data-widget_type=\"spacer.default\">\n\t\t\t\t<div class=\"elementor-widget-container\">\n\t\t\t\t\t<div class=\"elementor-spacer\">\n\t\t\t<div class=\"elementor-spacer-inner\"><\/div>\n\t\t<\/div>\n\t\t\t\t<\/div>\n\t\t\t\t<\/div>\n\t\t\t\t\t<\/div>\n\t\t<\/div>\n\t\t\t\t\t<\/div>\n\t\t<\/section>\n\t\t\t\t<section class=\"elementor-section elementor-top-section elementor-element elementor-element-c345bdc elementor-section-boxed elementor-section-height-default elementor-section-height-default\" data-id=\"c345bdc\" data-element_type=\"section\">\n\t\t\t\t\t\t<div class=\"elementor-container elementor-column-gap-default\">\n\t\t\t\t\t<div class=\"elementor-column elementor-col-33 elementor-top-column elementor-element elementor-element-10d024b\" data-id=\"10d024b\" data-element_type=\"column\">\n\t\t\t<div class=\"elementor-widget-wrap elementor-element-populated\">\n\t\t\t\t\t\t<div class=\"elementor-element elementor-element-ebba1a2 elementor-widget elementor-widget-spacer\" data-id=\"ebba1a2\" data-element_type=\"widget\" data-widget_type=\"spacer.default\">\n\t\t\t\t<div class=\"elementor-widget-container\">\n\t\t\t\t\t<div class=\"elementor-spacer\">\n\t\t\t<div class=\"elementor-spacer-inner\"><\/div>\n\t\t<\/div>\n\t\t\t\t<\/div>\n\t\t\t\t<\/div>\n\t\t\t\t<div class=\"elementor-element elementor-element-44eb2fc elementor-widget elementor-widget-image\" data-id=\"44eb2fc\" data-element_type=\"widget\" data-widget_type=\"image.default\">\n\t\t\t\t<div class=\"elementor-widget-container\">\n\t\t\t\t\t\t\t\t\t\t\t\t\t<img decoding=\"async\" width=\"319\" height=\"251\" src=\"https:\/\/drzev.de\/wp-content\/uploads\/2022\/05\/home-g9d33f8be4_1920-319x251.jpg\" class=\"attachment-lebari_319x251 size-lebari_319x251 wp-image-2340\" alt=\"\" \/>\t\t\t\t\t\t\t\t\t\t\t\t\t<\/div>\n\t\t\t\t<\/div>\n\t\t\t\t\t<\/div>\n\t\t<\/div>\n\t\t\t\t<div class=\"elementor-column elementor-col-66 elementor-top-column elementor-element elementor-element-436d785\" data-id=\"436d785\" data-element_type=\"column\">\n\t\t\t<div class=\"elementor-widget-wrap elementor-element-populated\">\n\t\t\t\t\t\t<div class=\"elementor-element elementor-element-cc306c9 elementor-widget elementor-widget-spacer\" data-id=\"cc306c9\" data-element_type=\"widget\" data-widget_type=\"spacer.default\">\n\t\t\t\t<div class=\"elementor-widget-container\">\n\t\t\t\t\t<div class=\"elementor-spacer\">\n\t\t\t<div class=\"elementor-spacer-inner\"><\/div>\n\t\t<\/div>\n\t\t\t\t<\/div>\n\t\t\t\t<\/div>\n\t\t\t\t<div class=\"elementor-element elementor-element-2f7da40 elementor-widget elementor-widget-text-editor\" data-id=\"2f7da40\" data-element_type=\"widget\" data-widget_type=\"text-editor.default\">\n\t\t\t\t<div class=\"elementor-widget-container\">\n\t\t\t\t\t\t\t<h6>Wir stellen Angebote zur Bildung, Beratung und F\u00f6rderung f\u00fcr Familien in verschiedenen Lebensphasen und mit individuellen Bed\u00fcrfnissen zur Verf\u00fcgung. Die Angebote sind dabei alltagsnah und familienorientiert gestaltet.<\/h6><h6>Die Notwendigkeit der Unterst\u00fctzung von ganzen Familien und Eltern ist nicht zuletzt damit begr\u00fcndet, dass der Einfluss der Erziehung innerhalb der Familien gerade in den ersten Jahren eines Kindes eine gro\u00dfe Rolle spielt. Es ist unser Anliegen, die gesamte Familie in der jeweiligen Lebenssituation zu unterst\u00fctzen.<\/h6>\t\t\t\t\t\t<\/div>\n\t\t\t\t<\/div>\n\t\t\t\t<div class=\"elementor-element elementor-element-44f8dab elementor-widget elementor-widget-spacer\" data-id=\"44f8dab\" data-element_type=\"widget\" data-widget_type=\"spacer.default\">\n\t\t\t\t<div class=\"elementor-widget-container\">\n\t\t\t\t\t<div class=\"elementor-spacer\">\n\t\t\t<div class=\"elementor-spacer-inner\"><\/div>\n\t\t<\/div>\n\t\t\t\t<\/div>\n\t\t\t\t<\/div>\n\t\t\t\t\t<\/div>\n\t\t<\/div>\n\t\t\t\t\t<\/div>\n\t\t<\/section>\n\t\t\t\t<\/div>","protected":false},"excerpt":{"rendered":"<p>Konzept Welche Ziele verfolgen wir? Was wollen wir erreichen? Das Alter unter sechs Jahren ereignet sich hervorragend zum Erlernen einer neuen Sprache. Diesen Zeitraum versuchen wir zu nutzen und unterst\u00fctzen [&hellip;]<\/p>","protected":false},"author":1,"featured_media":0,"parent":0,"menu_order":0,"comment_status":"closed","ping_status":"closed","template":"tpl-default-elementor.php","meta":{"footnotes":""},"class_list":["post-2448","page","type-page","status-publish","hentry"],"_links":{"self":[{"href":"https:\/\/drzev.de\/ru\/wp-json\/wp\/v2\/pages\/2448","targetHints":{"allow":["GET"]}}],"collection":[{"href":"https:\/\/drzev.de\/ru\/wp-json\/wp\/v2\/pages"}],"about":[{"href":"https:\/\/drzev.de\/ru\/wp-json\/wp\/v2\/types\/page"}],"author":[{"embeddable":true,"href":"https:\/\/drzev.de\/ru\/wp-json\/wp\/v2\/users\/1"}],"replies":[{"embeddable":true,"href":"https:\/\/drzev.de\/ru\/wp-json\/wp\/v2\/comments?post=2448"}],"version-history":[{"count":20,"href":"https:\/\/drzev.de\/ru\/wp-json\/wp\/v2\/pages\/2448\/revisions"}],"predecessor-version":[{"id":3348,"href":"https:\/\/drzev.de\/ru\/wp-json\/wp\/v2\/pages\/2448\/revisions\/3348"}],"wp:attachment":[{"href":"https:\/\/drzev.de\/ru\/wp-json\/wp\/v2\/media?parent=2448"}],"curies":[{"name":"wp","href":"https:\/\/api.w.org\/{rel}","templated":true}]}}